{"id":771,"date":"2020-12-06T17:30:27","date_gmt":"2020-12-06T17:30:27","guid":{"rendered":"http:\/\/rinaudoehijos.com.ar\/?page_id=771"},"modified":"2025-11-26T20:49:27","modified_gmt":"2025-11-26T20:49:27","slug":"rinaudo-2","status":"publish","type":"page","link":"https:\/\/rinaudoehijos.com.ar\/index.php\/rinaudo-2\/","title":{"rendered":"RINAUDO"},"content":{"rendered":"\t\t<div data-elementor-type=\"wp-page\" data-elementor-id=\"771\" class=\"elementor elementor-771\">\n\t\t\t\t\t\t<section class=\"elementor-section elementor-top-section elementor-element elementor-element-cc7ecaf elementor-section-full_width elementor-section-height-default elementor-section-height-default\" data-id=\"cc7ecaf\" data-element_type=\"section\" data-e-type=\"section\">\n\t\t\t\t\t\t<div class=\"elementor-container elementor-column-gap-default\">\n\t\t\t\t\t<div class=\"elementor-column elementor-col-100 elementor-top-column elementor-element elementor-element-735a003\" data-id=\"735a003\" data-element_type=\"column\" data-e-type=\"column\">\n\t\t\t<div class=\"elementor-widget-wrap elementor-element-populated\">\n\t\t\t\t\t\t<div class=\"elementor-element elementor-element-c760f4f elementor-view-default elementor-position-block-start elementor-mobile-position-block-start elementor-widget elementor-widget-icon-box\" data-id=\"c760f4f\" data-element_type=\"widget\" data-e-type=\"widget\" data-widget_type=\"icon-box.default\">\n\t\t\t\t<div class=\"elementor-widget-container\">\n\t\t\t\t\t\t\t<div class=\"elementor-icon-box-wrapper\">\n\n\t\t\t\t\t\t<div class=\"elementor-icon-box-icon\">\n\t\t\t\t<span  class=\"elementor-icon\">\n\t\t\t\t<i aria-hidden=\"true\" class=\"fas fa-city\"><\/i>\t\t\t\t<\/span>\n\t\t\t<\/div>\n\t\t\t\n\t\t\t\t\t\t<div class=\"elementor-icon-box-content\">\n\n\t\t\t\t\t\t\t\t\t<h3 class=\"elementor-icon-box-title\">\n\t\t\t\t\t\t<span  >\n\t\t\t\t\t\t\tRinaudo\t\t\t\t\t\t<\/span>\n\t\t\t\t\t<\/h3>\n\t\t\t\t\n\t\t\t\t\t\t\t\t\t<p class=\"elementor-icon-box-description\">\n\t\t\t\t\t\tUn poco de nuestra historia y Quienes somos \t\t\t\t\t<\/p>\n\t\t\t\t\n\t\t\t<\/div>\n\t\t\t\n\t\t<\/div>\n\t\t\t\t\t\t<\/div>\n\t\t\t\t<\/div>\n\t\t\t\t\t<\/div>\n\t\t<\/div>\n\t\t\t\t\t<\/div>\n\t\t<\/section>\n\t\t\t\t<section class=\"elementor-section elementor-top-section elementor-element elementor-element-42ed0c2 elementor-section-full_width elementor-section-height-default elementor-section-height-default\" data-id=\"42ed0c2\" data-element_type=\"section\" data-e-type=\"section\" data-settings=\"{&quot;background_background&quot;:&quot;classic&quot;}\">\n\t\t\t\t\t\t\t<div class=\"elementor-background-overlay\"><\/div>\n\t\t\t\t\t\t\t<div class=\"elementor-container elementor-column-gap-default\">\n\t\t\t\t\t<div class=\"elementor-column elementor-col-100 elementor-top-column elementor-element elementor-element-5ff0a02\" data-id=\"5ff0a02\" data-element_type=\"column\" data-e-type=\"column\" data-settings=\"{&quot;background_background&quot;:&quot;classic&quot;}\">\n\t\t\t<div class=\"elementor-widget-wrap elementor-element-populated\">\n\t\t\t\t\t<div class=\"elementor-background-overlay\"><\/div>\n\t\t\t\t\t\t<div class=\"elementor-element elementor-element-b790a75 elementor-widget elementor-widget-text-editor\" data-id=\"b790a75\" data-element_type=\"widget\" data-e-type=\"widget\" data-widget_type=\"text-editor.default\">\n\t\t\t\t<div class=\"elementor-widget-container\">\n\t\t\t\t\t\t\t\t\t<h2 style=\"color: #F49F0D;\">M\u00e1s de 60 a\u00f1os fabricando m\u00e1quinas industriales para pasta<\/h2>\n<p>Rinaudo e Hijos SRL es una empresa familiar argentina especializada en la fabricaci\u00f3n de maquinaria industrial para la elaboraci\u00f3n de pastas frescas, secas, rellenas y laminadas. Nuestra historia comienza hace m\u00e1s de cincuenta a\u00f1os, cuando Don Ricardo Bautista Rinaudo fund\u00f3 el taller original con una visi\u00f3n clara: ofrecer soluciones confiables y duraderas para f\u00e1bricas de pastas, hoteles y restaurantes de todo el pa\u00eds.<\/p>\n\n<h2 style=\"color: #F49F0D;\">Un legado familiar que sigue creciendo<\/h2>\n<p>Don Ricardo dirigi\u00f3 la empresa hasta 2003, a\u00f1o en que el mando pas\u00f3 a sus tres hijos \u2014Ricardo, Omar y Alberto Rinaudo\u2014 quienes consolidaron el crecimiento y modernizaron la producci\u00f3n.<\/p>\n<p>A partir de 2020, la tercera generaci\u00f3n \u2014Francisco, Lucas y Andr\u00e9s Rinaudo\u2014 se incorpor\u00f3 a la gesti\u00f3n para continuar el legado, manteniendo los valores fundamentales de una empresa de tradici\u00f3n familiar: cercan\u00eda, compromiso, calidad y servicio.<\/p>\n\n<h2 style=\"color: #F49F0D;\">Calidad, tecnolog\u00eda y confiabilidad<\/h2>\n<p>Desde nuestros inicios, trabajamos con un objetivo innegociable: satisfacer las necesidades de peque\u00f1as, medianas y grandes producciones de pastas, tanto a nivel nacional como internacional.<\/p>\n<p>Nuestra l\u00ednea de m\u00e1quinas se destaca por:<\/p>\n<ul>\n  <li>Materiales de primera calidad<\/li>\n  <li>Dise\u00f1os innovadores y funcionales<\/li>\n  <li>Tecnolog\u00eda de avanzada<\/li>\n  <li>F\u00e1cil manejo y mantenimiento<\/li>\n  <li>Alto rendimiento y durabilidad<\/li>\n<\/ul>\n<p>Esta combinaci\u00f3n, sumada a un servicio postventa cercano y eficiente, nos permite acompa\u00f1ar a nuestros clientes durante toda la vida \u00fatil de sus equipos.<\/p>\n\t\t\t\t\t\t\t\t<\/div>\n\t\t\t\t<\/div>\n\t\t\t\t\t<\/div>\n\t\t<\/div>\n\t\t\t\t\t<\/div>\n\t\t<\/section>\n\t\t\t\t<section class=\"elementor-section elementor-top-section elementor-element elementor-element-7e94872 elementor-section-full_width elementor-section-height-default elementor-section-height-default\" data-id=\"7e94872\" data-element_type=\"section\" data-e-type=\"section\">\n\t\t\t\t\t\t<div class=\"elementor-container elementor-column-gap-default\">\n\t\t\t\t\t<div class=\"elementor-column elementor-col-100 elementor-top-column elementor-element elementor-element-ca29a4b\" data-id=\"ca29a4b\" data-element_type=\"column\" data-e-type=\"column\">\n\t\t\t<div class=\"elementor-widget-wrap elementor-element-populated\">\n\t\t\t\t\t\t<div class=\"elementor-element elementor-element-6dc9bfe elementor-widget elementor-widget-video\" data-id=\"6dc9bfe\" data-element_type=\"widget\" data-e-type=\"widget\" data-settings=\"{&quot;youtube_url&quot;:&quot;https:\\\/\\\/youtu.be\\\/9yV5luS3PhQ&quot;,&quot;autoplay&quot;:&quot;yes&quot;,&quot;loop&quot;:&quot;yes&quot;,&quot;video_type&quot;:&quot;youtube&quot;,&quot;controls&quot;:&quot;yes&quot;}\" data-widget_type=\"video.default\">\n\t\t\t\t<div class=\"elementor-widget-container\">\n\t\t\t\t\t\t\t<div class=\"elementor-wrapper elementor-open-inline\">\n\t\t\t<div class=\"elementor-video\"><\/div>\t\t<\/div>\n\t\t\t\t\t\t<\/div>\n\t\t\t\t<\/div>\n\t\t\t\t\t<\/div>\n\t\t<\/div>\n\t\t\t\t\t<\/div>\n\t\t<\/section>\n\t\t\t\t<section class=\"elementor-section elementor-top-section elementor-element elementor-element-4a4061c elementor-section-full_width elementor-section-height-default elementor-section-height-default\" data-id=\"4a4061c\" data-element_type=\"section\" data-e-type=\"section\">\n\t\t\t\t\t\t<div class=\"elementor-container elementor-column-gap-default\">\n\t\t\t\t\t<div class=\"elementor-column elementor-col-100 elementor-top-column elementor-element elementor-element-be2c8af\" data-id=\"be2c8af\" data-element_type=\"column\" data-e-type=\"column\" data-settings=\"{&quot;background_background&quot;:&quot;classic&quot;}\">\n\t\t\t<div class=\"elementor-widget-wrap elementor-element-populated\">\n\t\t\t\t\t\t<div class=\"elementor-element elementor-element-07a5f3e elementor-widget elementor-widget-heading\" data-id=\"07a5f3e\" data-element_type=\"widget\" data-e-type=\"widget\" data-widget_type=\"heading.default\">\n\t\t\t\t<div class=\"elementor-widget-container\">\n\t\t\t\t\t<h4 class=\"elementor-heading-title elementor-size-default\">RINAUDO EN EL TIEMPO<\/h4>\t\t\t\t<\/div>\n\t\t\t\t<\/div>\n\t\t\t\t\t<\/div>\n\t\t<\/div>\n\t\t\t\t\t<\/div>\n\t\t<\/section>\n\t\t\t\t<section class=\"elementor-section elementor-top-section elementor-element elementor-element-dc4ed9c elementor-section-full_width elementor-section-height-default elementor-section-height-default\" data-id=\"dc4ed9c\" data-element_type=\"section\" data-e-type=\"section\" data-settings=\"{&quot;background_background&quot;:&quot;classic&quot;}\">\n\t\t\t\t\t\t<div class=\"elementor-container elementor-column-gap-default\">\n\t\t\t\t\t<div class=\"elementor-column elementor-col-100 elementor-top-column elementor-element elementor-element-466d06c\" data-id=\"466d06c\" data-element_type=\"column\" data-e-type=\"column\">\n\t\t\t<div class=\"elementor-widget-wrap elementor-element-populated\">\n\t\t\t\t\t\t<div class=\"elementor-element elementor-element-06b8e41 elementor-widget elementor-widget-wp-widget-custom_html\" data-id=\"06b8e41\" data-element_type=\"widget\" data-e-type=\"widget\" data-widget_type=\"wp-widget-custom_html.default\">\n\t\t\t\t<div class=\"elementor-widget-container\">\n\t\t\t\t\t<div class=\"textwidget custom-html-widget\">\r\n\t<div class=\"slideshow_container slideshow_container_style-light\" style=\"height: 200px; \" data-slideshow-id=\"1789\" data-style-name=\"style-light\" data-style-version=\"2.3.1\" >\r\n\r\n\t\t\t\t\t<div class=\"slideshow_loading_icon\"><\/div>\r\n\t\t\r\n\t\t<div class=\"slideshow_content\" style=\"display: none;\">\r\n\r\n\t\t\t<div class=\"slideshow_view\">\r\n\t\t\t\t<div class=\"slideshow_slide slideshow_slide_image\">\r\n\t\t\t\t\t\t\t\t\t\t\t<img fetchpriority=\"high\" decoding=\"async\" src=\"https:\/\/rinaudoehijos.com.ar\/wp-content\/uploads\/2021\/02\/TL-5.png\" alt=\"Maquinas 1965\" width=\"2025\" height=\"1249\" \/>\r\n\t\t\t\t\t\t\t\t\t\t<div class=\"slideshow_description_box slideshow_transparent\">\r\n\t\t\t\t\t\t<div class=\"slideshow_title\">Maquinas 1965<\/div>\t\t\t\t\t\t\t\t\t\t\t<\/div>\r\n\t\t\t\t<\/div>\r\n\r\n\t\t\t\t\t\t\r\n\t\t\t\t<div class=\"slideshow_slide slideshow_slide_image\">\r\n\t\t\t\t\t\t\t\t\t\t\t<img decoding=\"async\" src=\"https:\/\/rinaudoehijos.com.ar\/wp-content\/uploads\/2021\/02\/TL-4.png\" alt=\"Martin y la primera maquina Rinaudo PEP50\" width=\"1860\" height=\"2487\" \/>\r\n\t\t\t\t\t\t\t\t\t\t<div class=\"slideshow_description_box slideshow_transparent\">\r\n\t\t\t\t\t\t<div class=\"slideshow_title\">Martin y la primera maquina Rinaudo PEP50<\/div>\t\t\t\t\t\t\t\t\t\t\t<\/div>\r\n\t\t\t\t<\/div>\r\n\r\n\t\t\t\t\t\t<div style=\"clear: both;\"><\/div><\/div><div class=\"slideshow_view\">\r\n\t\t\t\t<div class=\"slideshow_slide slideshow_slide_image\">\r\n\t\t\t\t\t\t\t\t\t\t\t<img decoding=\"async\" src=\"https:\/\/rinaudoehijos.com.ar\/wp-content\/uploads\/2021\/02\/TL-3.png\" alt=\"Taller 1966\" width=\"2025\" height=\"1249\" \/>\r\n\t\t\t\t\t\t\t\t\t\t<div class=\"slideshow_description_box slideshow_transparent\">\r\n\t\t\t\t\t\t<div class=\"slideshow_title\">Taller 1966<\/div>\t\t\t\t\t\t\t\t\t\t\t<\/div>\r\n\t\t\t\t<\/div>\r\n\r\n\t\t\t\t\t\t\r\n\t\t\t\t<div class=\"slideshow_slide slideshow_slide_image\">\r\n\t\t\t\t\t\t\t\t\t\t\t<img loading=\"lazy\" decoding=\"async\" src=\"https:\/\/rinaudoehijos.com.ar\/wp-content\/uploads\/2021\/02\/TL-2.png\" alt=\"Taller 1966\" width=\"2025\" height=\"1249\" \/>\r\n\t\t\t\t\t\t\t\t\t\t<div class=\"slideshow_description_box slideshow_transparent\">\r\n\t\t\t\t\t\t<div class=\"slideshow_title\">Taller 1966<\/div>\t\t\t\t\t\t\t\t\t\t\t<\/div>\r\n\t\t\t\t<\/div>\r\n\r\n\t\t\t\t\t\t<div style=\"clear: both;\"><\/div><\/div><div class=\"slideshow_view\">\r\n\t\t\t\t<div class=\"slideshow_slide slideshow_slide_image\">\r\n\t\t\t\t\t\t\t\t\t\t\t<img loading=\"lazy\" decoding=\"async\" src=\"https:\/\/rinaudoehijos.com.ar\/wp-content\/uploads\/2021\/02\/TL-1.png\" alt=\"Taller 1965\" width=\"2025\" height=\"1249\" \/>\r\n\t\t\t\t\t\t\t\t\t\t<div class=\"slideshow_description_box slideshow_transparent\">\r\n\t\t\t\t\t\t<div class=\"slideshow_title\">Taller 1965<\/div>\t\t\t\t\t\t\t\t\t\t\t<\/div>\r\n\t\t\t\t<\/div>\r\n\r\n\t\t\t\t\t\t<div style=\"clear: both;\"><\/div><\/div>\r\n\t\t<\/div>\r\n\r\n\t\t<div class=\"slideshow_controlPanel slideshow_transparent\" style=\"display: none;\"><ul><li class=\"slideshow_togglePlay\" data-play-text=\"Play\" data-pause-text=\"Pause\"><\/li><\/ul><\/div>\r\n\r\n\t\t<div class=\"slideshow_button slideshow_previous slideshow_transparent\" role=\"button\" data-previous-text=\"Previous\" style=\"display: none;\"><\/div>\r\n\t\t<div class=\"slideshow_button slideshow_next slideshow_transparent\" role=\"button\" data-next-text=\"Next\" style=\"display: none;\"><\/div>\r\n\r\n\t\t<div class=\"slideshow_pagination\" style=\"display: none;\" data-go-to-text=\"Go to slide\"><div class=\"slideshow_pagination_center\"><\/div><\/div>\r\n\r\n\t\t<!-- WordPress Slideshow Version 2.3.1 -->\r\n\r\n\t\t\t<\/div>\r\n\r\n<\/div>\t\t\t\t<\/div>\n\t\t\t\t<\/div>\n\t\t\t\t\t<\/div>\n\t\t<\/div>\n\t\t\t\t\t<\/div>\n\t\t<\/section>\n\t\t\t\t<\/div>\n\t\t","protected":false},"excerpt":{"rendered":"<p>Rinaudo Un poco de nuestra historia y Quienes somos M\u00e1s de 60 a\u00f1os fabricando m\u00e1quinas industriales para pasta Rinaudo e Hijos SRL es una empresa familiar argentina especializada en la fabricaci\u00f3n de maquinaria industrial para la elaboraci\u00f3n de pastas frescas, secas, rellenas y laminadas. Nuestra historia comienza hace m\u00e1s de cincuenta a\u00f1os, cuando Don Ricardo [&hellip;]<\/p>\n","protected":false},"author":1,"featured_media":0,"parent":0,"menu_order":0,"comment_status":"closed","ping_status":"closed","template":"","meta":{"site-sidebar-layout":"no-sidebar","site-content-layout":"page-builder","ast-site-content-layout":"default","site-content-style":"default","site-sidebar-style":"default","ast-global-header-display":"","ast-banner-title-visibility":"","ast-main-header-display":"","ast-hfb-above-header-display":"","ast-hfb-below-header-display":"","ast-hfb-mobile-header-display":"","site-post-title":"disabled","ast-breadcrumbs-content":"","ast-featured-img":"disabled","footer-sml-layout":"","ast-disable-related-posts":"","theme-transparent-header-meta":"","adv-header-id-meta":"","stick-header-meta":"","header-above-stick-meta":"","header-main-stick-meta":"","header-below-stick-meta":"","astra-migrate-meta-layouts":"default","ast-page-background-enabled":"default","ast-page-background-meta":{"desktop":{"background-color":"var(--ast-global-color-4)","background-image":"","background-repeat":"repeat","background-position":"center center","background-size":"auto","background-attachment":"scroll","background-type":"","background-media":"","overlay-type":"","overlay-color":"","overlay-opacity":"","overlay-gradient":""},"tablet":{"background-color":"","background-image":"","background-repeat":"repeat","background-position":"center center","background-size":"auto","background-attachment":"scroll","background-type":"","background-media":"","overlay-type":"","overlay-color":"","overlay-opacity":"","overlay-gradient":""},"mobile":{"background-color":"","background-image":"","background-repeat":"repeat","background-position":"center center","background-size":"auto","background-attachment":"scroll","background-type":"","background-media":"","overlay-type":"","overlay-color":"","overlay-opacity":"","overlay-gradient":""}},"ast-content-background-meta":{"desktop":{"background-color":"var(--ast-global-color-5)","background-image":"","background-repeat":"repeat","background-position":"center center","background-size":"auto","background-attachment":"scroll","background-type":"","background-media":"","overlay-type":"","overlay-color":"","overlay-opacity":"","overlay-gradient":""},"tablet":{"background-color":"var(--ast-global-color-5)","background-image":"","background-repeat":"repeat","background-position":"center center","background-size":"auto","background-attachment":"scroll","background-type":"","background-media":"","overlay-type":"","overlay-color":"","overlay-opacity":"","overlay-gradient":""},"mobile":{"background-color":"var(--ast-global-color-5)","background-image":"","background-repeat":"repeat","background-position":"center center","background-size":"auto","background-attachment":"scroll","background-type":"","background-media":"","overlay-type":"","overlay-color":"","overlay-opacity":"","overlay-gradient":""}},"ngg_post_thumbnail":0,"footnotes":""},"class_list":["post-771","page","type-page","status-publish","hentry"],"yoast_head":"<!-- This site is optimized with the Yoast SEO plugin v27.6 - https:\/\/yoast.com\/product\/yoast-seo-wordpress\/ -->\n<title>RINAUDO | Rinaudo e Hijos<\/title>\n<meta name=\"robots\" content=\"index, follow, max-snippet:-1, max-image-preview:large, max-video-preview:-1\" \/>\n<link rel=\"canonical\" href=\"https:\/\/rinaudoehijos.com.ar\/index.php\/rinaudo-2\/\" \/>\n<meta property=\"og:locale\" content=\"es_ES\" \/>\n<meta property=\"og:type\" content=\"article\" \/>\n<meta property=\"og:title\" content=\"RINAUDO | Rinaudo e Hijos\" \/>\n<meta property=\"og:description\" content=\"Rinaudo Un poco de nuestra historia y Quienes somos M\u00e1s de 60 a\u00f1os fabricando m\u00e1quinas industriales para pasta Rinaudo e Hijos SRL es una empresa familiar argentina especializada en la fabricaci\u00f3n de maquinaria industrial para la elaboraci\u00f3n de pastas frescas, secas, rellenas y laminadas. Nuestra historia comienza hace m\u00e1s de cincuenta a\u00f1os, cuando Don Ricardo [&hellip;]\" \/>\n<meta property=\"og:url\" content=\"https:\/\/rinaudoehijos.com.ar\/index.php\/rinaudo-2\/\" \/>\n<meta property=\"og:site_name\" content=\"Rinaudo e Hijos\" \/>\n<meta property=\"article:publisher\" content=\"https:\/\/www.facebook.com\/Rinaudo-e-Hijos-SRL-553988857979415\" \/>\n<meta property=\"article:modified_time\" content=\"2025-11-26T20:49:27+00:00\" \/>\n<meta name=\"twitter:card\" content=\"summary_large_image\" \/>\n<meta name=\"twitter:label1\" content=\"Tiempo de lectura\" \/>\n\t<meta name=\"twitter:data1\" content=\"3 minutos\" \/>\n<script type=\"application\/ld+json\" class=\"yoast-schema-graph\">{\"@context\":\"https:\\\/\\\/schema.org\",\"@graph\":[{\"@type\":\"WebPage\",\"@id\":\"https:\\\/\\\/rinaudoehijos.com.ar\\\/index.php\\\/rinaudo-2\\\/\",\"url\":\"https:\\\/\\\/rinaudoehijos.com.ar\\\/index.php\\\/rinaudo-2\\\/\",\"name\":\"RINAUDO | Rinaudo e Hijos\",\"isPartOf\":{\"@id\":\"https:\\\/\\\/rinaudoehijos.com.ar\\\/#website\"},\"datePublished\":\"2020-12-06T17:30:27+00:00\",\"dateModified\":\"2025-11-26T20:49:27+00:00\",\"breadcrumb\":{\"@id\":\"https:\\\/\\\/rinaudoehijos.com.ar\\\/index.php\\\/rinaudo-2\\\/#breadcrumb\"},\"inLanguage\":\"es-AR\",\"potentialAction\":[{\"@type\":\"ReadAction\",\"target\":[\"https:\\\/\\\/rinaudoehijos.com.ar\\\/index.php\\\/rinaudo-2\\\/\"]}]},{\"@type\":\"BreadcrumbList\",\"@id\":\"https:\\\/\\\/rinaudoehijos.com.ar\\\/index.php\\\/rinaudo-2\\\/#breadcrumb\",\"itemListElement\":[{\"@type\":\"ListItem\",\"position\":1,\"name\":\"Inicio\",\"item\":\"https:\\\/\\\/rinaudoehijos.com.ar\\\/\"},{\"@type\":\"ListItem\",\"position\":2,\"name\":\"RINAUDO\"}]},{\"@type\":\"WebSite\",\"@id\":\"https:\\\/\\\/rinaudoehijos.com.ar\\\/#website\",\"url\":\"https:\\\/\\\/rinaudoehijos.com.ar\\\/\",\"name\":\"Rinaudo e Hijos\",\"description\":\"\",\"publisher\":{\"@id\":\"https:\\\/\\\/rinaudoehijos.com.ar\\\/#organization\"},\"potentialAction\":[{\"@type\":\"SearchAction\",\"target\":{\"@type\":\"EntryPoint\",\"urlTemplate\":\"https:\\\/\\\/rinaudoehijos.com.ar\\\/?s={search_term_string}\"},\"query-input\":{\"@type\":\"PropertyValueSpecification\",\"valueRequired\":true,\"valueName\":\"search_term_string\"}}],\"inLanguage\":\"es-AR\"},{\"@type\":\"Organization\",\"@id\":\"https:\\\/\\\/rinaudoehijos.com.ar\\\/#organization\",\"name\":\"Rinaudo e Hijos\",\"url\":\"https:\\\/\\\/rinaudoehijos.com.ar\\\/\",\"logo\":{\"@type\":\"ImageObject\",\"inLanguage\":\"es-AR\",\"@id\":\"https:\\\/\\\/rinaudoehijos.com.ar\\\/#\\\/schema\\\/logo\\\/image\\\/\",\"url\":\"https:\\\/\\\/rinaudoehijos.com.ar\\\/wp-content\\\/uploads\\\/2020\\\/12\\\/iso500x500-amarillo.png\",\"contentUrl\":\"https:\\\/\\\/rinaudoehijos.com.ar\\\/wp-content\\\/uploads\\\/2020\\\/12\\\/iso500x500-amarillo.png\",\"width\":500,\"height\":500,\"caption\":\"Rinaudo e Hijos\"},\"image\":{\"@id\":\"https:\\\/\\\/rinaudoehijos.com.ar\\\/#\\\/schema\\\/logo\\\/image\\\/\"},\"sameAs\":[\"https:\\\/\\\/www.facebook.com\\\/Rinaudo-e-Hijos-SRL-553988857979415\",\"https:\\\/\\\/www.instagram.com\\\/rinaudoehijos\\\/\"]}]}<\/script>\n<!-- \/ Yoast SEO plugin. -->","yoast_head_json":{"title":"RINAUDO | Rinaudo e Hijos","robots":{"index":"index","follow":"follow","max-snippet":"max-snippet:-1","max-image-preview":"max-image-preview:large","max-video-preview":"max-video-preview:-1"},"canonical":"https:\/\/rinaudoehijos.com.ar\/index.php\/rinaudo-2\/","og_locale":"es_ES","og_type":"article","og_title":"RINAUDO | Rinaudo e Hijos","og_description":"Rinaudo Un poco de nuestra historia y Quienes somos M\u00e1s de 60 a\u00f1os fabricando m\u00e1quinas industriales para pasta Rinaudo e Hijos SRL es una empresa familiar argentina especializada en la fabricaci\u00f3n de maquinaria industrial para la elaboraci\u00f3n de pastas frescas, secas, rellenas y laminadas. Nuestra historia comienza hace m\u00e1s de cincuenta a\u00f1os, cuando Don Ricardo [&hellip;]","og_url":"https:\/\/rinaudoehijos.com.ar\/index.php\/rinaudo-2\/","og_site_name":"Rinaudo e Hijos","article_publisher":"https:\/\/www.facebook.com\/Rinaudo-e-Hijos-SRL-553988857979415","article_modified_time":"2025-11-26T20:49:27+00:00","twitter_card":"summary_large_image","twitter_misc":{"Tiempo de lectura":"3 minutos"},"schema":{"@context":"https:\/\/schema.org","@graph":[{"@type":"WebPage","@id":"https:\/\/rinaudoehijos.com.ar\/index.php\/rinaudo-2\/","url":"https:\/\/rinaudoehijos.com.ar\/index.php\/rinaudo-2\/","name":"RINAUDO | Rinaudo e Hijos","isPartOf":{"@id":"https:\/\/rinaudoehijos.com.ar\/#website"},"datePublished":"2020-12-06T17:30:27+00:00","dateModified":"2025-11-26T20:49:27+00:00","breadcrumb":{"@id":"https:\/\/rinaudoehijos.com.ar\/index.php\/rinaudo-2\/#breadcrumb"},"inLanguage":"es-AR","potentialAction":[{"@type":"ReadAction","target":["https:\/\/rinaudoehijos.com.ar\/index.php\/rinaudo-2\/"]}]},{"@type":"BreadcrumbList","@id":"https:\/\/rinaudoehijos.com.ar\/index.php\/rinaudo-2\/#breadcrumb","itemListElement":[{"@type":"ListItem","position":1,"name":"Inicio","item":"https:\/\/rinaudoehijos.com.ar\/"},{"@type":"ListItem","position":2,"name":"RINAUDO"}]},{"@type":"WebSite","@id":"https:\/\/rinaudoehijos.com.ar\/#website","url":"https:\/\/rinaudoehijos.com.ar\/","name":"Rinaudo e Hijos","description":"","publisher":{"@id":"https:\/\/rinaudoehijos.com.ar\/#organization"},"potentialAction":[{"@type":"SearchAction","target":{"@type":"EntryPoint","urlTemplate":"https:\/\/rinaudoehijos.com.ar\/?s={search_term_string}"},"query-input":{"@type":"PropertyValueSpecification","valueRequired":true,"valueName":"search_term_string"}}],"inLanguage":"es-AR"},{"@type":"Organization","@id":"https:\/\/rinaudoehijos.com.ar\/#organization","name":"Rinaudo e Hijos","url":"https:\/\/rinaudoehijos.com.ar\/","logo":{"@type":"ImageObject","inLanguage":"es-AR","@id":"https:\/\/rinaudoehijos.com.ar\/#\/schema\/logo\/image\/","url":"https:\/\/rinaudoehijos.com.ar\/wp-content\/uploads\/2020\/12\/iso500x500-amarillo.png","contentUrl":"https:\/\/rinaudoehijos.com.ar\/wp-content\/uploads\/2020\/12\/iso500x500-amarillo.png","width":500,"height":500,"caption":"Rinaudo e Hijos"},"image":{"@id":"https:\/\/rinaudoehijos.com.ar\/#\/schema\/logo\/image\/"},"sameAs":["https:\/\/www.facebook.com\/Rinaudo-e-Hijos-SRL-553988857979415","https:\/\/www.instagram.com\/rinaudoehijos\/"]}]}},"_links":{"self":[{"href":"https:\/\/rinaudoehijos.com.ar\/index.php\/wp-json\/wp\/v2\/pages\/771","targetHints":{"allow":["GET"]}}],"collection":[{"href":"https:\/\/rinaudoehijos.com.ar\/index.php\/wp-json\/wp\/v2\/pages"}],"about":[{"href":"https:\/\/rinaudoehijos.com.ar\/index.php\/wp-json\/wp\/v2\/types\/page"}],"author":[{"embeddable":true,"href":"https:\/\/rinaudoehijos.com.ar\/index.php\/wp-json\/wp\/v2\/users\/1"}],"replies":[{"embeddable":true,"href":"https:\/\/rinaudoehijos.com.ar\/index.php\/wp-json\/wp\/v2\/comments?post=771"}],"version-history":[{"count":131,"href":"https:\/\/rinaudoehijos.com.ar\/index.php\/wp-json\/wp\/v2\/pages\/771\/revisions"}],"predecessor-version":[{"id":4311,"href":"https:\/\/rinaudoehijos.com.ar\/index.php\/wp-json\/wp\/v2\/pages\/771\/revisions\/4311"}],"wp:attachment":[{"href":"https:\/\/rinaudoehijos.com.ar\/index.php\/wp-json\/wp\/v2\/media?parent=771"}],"curies":[{"name":"wp","href":"https:\/\/api.w.org\/{rel}","templated":true}]}}