{"id":2364,"date":"2021-02-03T20:40:02","date_gmt":"2021-02-03T20:40:02","guid":{"rendered":"http:\/\/rinaudoehijos.com.ar\/?post_type=product&#038;p=2364"},"modified":"2024-12-03T21:57:09","modified_gmt":"2024-12-03T21:57:09","slug":"molde-sorrentinos-a-granel","status":"publish","type":"product","link":"https:\/\/rinaudoehijos.com.ar\/index.php\/product\/molde-sorrentinos-a-granel\/","title":{"rendered":"Molde Sorrentinos A Granel"},"content":{"rendered":"<h3 style=\"text-align: left;\"><span style=\"vertical-align: inherit; font-size: 12pt;\"><span style=\"vertical-align: inherit;\"><span style=\"vertical-align: inherit;\"><span style=\"vertical-align: inherit;\"><span style=\"vertical-align: inherit;\"><span style=\"vertical-align: inherit;\">Mas informacion<\/span><\/span><\/span><\/span><\/span><\/span><\/h3>\n<p style=\"text-align: left;\"><a href=\"http:\/\/rinaudoehijos.com.ar\/index.php\/elementor-hf\/header\/\" target=\"_blank\" rel=\"noopener noreferrer\"><span style=\"vertical-align: inherit;\"><span style=\"vertical-align: inherit;\"><span style=\"vertical-align: inherit;\"><span style=\"vertical-align: inherit;\"><span style=\"vertical-align: inherit;\"><span style=\"vertical-align: inherit;\"><span style=\"vertical-align: inherit;\"><span style=\"vertical-align: inherit;\"><span style=\"vertical-align: inherit;\"><span style=\"vertical-align: inherit;\"><span style=\"vertical-align: inherit;\"><span style=\"vertical-align: inherit;\"><span style=\"vertical-align: inherit;\"><span style=\"vertical-align: inherit;\"><span style=\"vertical-align: inherit;\"><span style=\"vertical-align: inherit;\"><span style=\"vertical-align: inherit;\"><span style=\"vertical-align: inherit;\"><span style=\"vertical-align: inherit;\"><span style=\"vertical-align: inherit;\"><span style=\"vertical-align: inherit;\"><span style=\"vertical-align: inherit;\"><span style=\"vertical-align: inherit;\"><span style=\"vertical-align: inherit;\"><span style=\"vertical-align: inherit;\"><span style=\"vertical-align: inherit;\"><span style=\"vertical-align: inherit;\"><span style=\"vertical-align: inherit;\"><span style=\"vertical-align: inherit;\"><span style=\"vertical-align: inherit;\"><span style=\"vertical-align: inherit;\"><span style=\"vertical-align: inherit;\">Ficha Tecnica <\/span><\/span><\/span><\/span><\/span><\/span><\/span><\/span><\/span><\/span><\/span><\/span><\/span><\/span><\/span><\/span><\/span><\/span><\/span><\/span><\/span><\/span><\/span><\/span><\/span><\/span><img decoding=\"async\" class=\"alignnone wp-image-1391\" src=\"http:\/\/rinaudoehijos.com.ar\/wp-content\/uploads\/2020\/12\/icons8-download-graph-report-80.png\" alt=\"\" width=\"18\" height=\"18\" \/><\/span><\/span><\/span><\/span><\/span><\/span><\/a><\/p>\n<p>&nbsp;<\/p>\n<hr \/>\n<h3 style=\"text-align: center;\">Multimedia<\/h3>\n<p><a href=\"https:\/\/www.youtube.com\/watch?v=ZUE5doL8_RA&amp;ab_channel=RinaudoeHijos\" target=\"_blank\" rel=\"noopener\"><img decoding=\"async\" class=\"aligncenter wp-image-2367\" src=\"http:\/\/rinaudoehijos.com.ar\/wp-content\/uploads\/2021\/02\/SORRE-GRANEL-RM100-2-1024x1024.png\" alt=\"\" width=\"137\" height=\"137\" srcset=\"https:\/\/rinaudoehijos.com.ar\/wp-content\/uploads\/2021\/02\/SORRE-GRANEL-RM100-2-1024x1024.png 1024w, https:\/\/rinaudoehijos.com.ar\/wp-content\/uploads\/2021\/02\/SORRE-GRANEL-RM100-2-1000x1000.png 1000w, https:\/\/rinaudoehijos.com.ar\/wp-content\/uploads\/2021\/02\/SORRE-GRANEL-RM100-2-100x100.png 100w, https:\/\/rinaudoehijos.com.ar\/wp-content\/uploads\/2021\/02\/SORRE-GRANEL-RM100-2-300x300.png 300w, https:\/\/rinaudoehijos.com.ar\/wp-content\/uploads\/2021\/02\/SORRE-GRANEL-RM100-2-150x150.png 150w, https:\/\/rinaudoehijos.com.ar\/wp-content\/uploads\/2021\/02\/SORRE-GRANEL-RM100-2-768x768.png 768w, https:\/\/rinaudoehijos.com.ar\/wp-content\/uploads\/2021\/02\/SORRE-GRANEL-RM100-2.png 1100w\" sizes=\"(max-width: 137px) 100vw, 137px\" \/><\/a><\/p>\n<h6 style=\"text-align: center;\"><span style=\"color: #003366;\">Video<\/span><\/h6>\n<h6 class=\"title style-scope ytd-video-primary-info-renderer\" style=\"text-align: center;\"><a href=\"https:\/\/www.youtube.com\/watch?v=ZUE5doL8_RA&amp;ab_channel=RinaudoeHijos\" target=\"_blank\" rel=\"noopener\"><span style=\"color: #003366;\">Sorrentinos &#8211; Molde de sorrentinos por unidad para raviolera <\/span><\/a><\/h6>\n<h6 class=\"title style-scope ytd-video-primary-info-renderer\" style=\"text-align: center;\"><span style=\"color: #003366;\">modelo &#8211; RM 100<\/span><\/h6>\n<p>&nbsp;<\/p>\n<hr \/>\n<p>&nbsp;<\/p>\n","protected":false},"excerpt":{"rendered":"<h3><span style=\"vertical-align: inherit;\">Producir: Sorrentinos A Granel<\/span><\/h3>\n<ul>\n<li><span style=\"vertical-align: inherit;\">Rolos montados sobre bujes de vesconite (sin lubricaci\u00f3n) con engranajes rectos de acero.<\/span><\/li>\n<li>Rolo marcador fabricado en aluminio macizo con ba\u00f1o de tefl\u00f3n<\/li>\n<li>Rolo liso fabricado en ca\u00f1o de acero con ba\u00f1o de cromoduro<\/li>\n<li>Di\u00e1metro total por unidad : 60 mm<\/li>\n<li>Producci\u00f3n: 70 unidades por minuto<\/li>\n<li>Producci\u00f3n: de 3000 a 3500 unidades por hora<\/li>\n<\/ul>\n","protected":false},"featured_media":3996,"template":"","meta":{"site-sidebar-layout":"no-sidebar","site-content-layout":"default","ast-site-content-layout":"default","site-content-style":"default","site-sidebar-style":"default","ast-global-header-display":"","ast-banner-title-visibility":"","ast-main-header-display":"","ast-hfb-above-header-display":"","ast-hfb-below-header-display":"","ast-hfb-mobile-header-display":"","site-post-title":"","ast-breadcrumbs-content":"","ast-featured-img":"","footer-sml-layout":"","ast-disable-related-posts":"","theme-transparent-header-meta":"disabled","adv-header-id-meta":"","stick-header-meta":"","header-above-stick-meta":"","header-main-stick-meta":"","header-below-stick-meta":"","astra-migrate-meta-layouts":"set","ast-page-background-enabled":"default","ast-page-background-meta":{"desktop":{"background-color":"var(--ast-global-color-4)","background-image":"","background-repeat":"repeat","background-position":"center center","background-size":"auto","background-attachment":"scroll","background-type":"","background-media":"","overlay-type":"","overlay-color":"","overlay-opacity":"","overlay-gradient":""},"tablet":{"background-color":"","background-image":"","background-repeat":"repeat","background-position":"center center","background-size":"auto","background-attachment":"scroll","background-type":"","background-media":"","overlay-type":"","overlay-color":"","overlay-opacity":"","overlay-gradient":""},"mobile":{"background-color":"","background-image":"","background-repeat":"repeat","background-position":"center center","background-size":"auto","background-attachment":"scroll","background-type":"","background-media":"","overlay-type":"","overlay-color":"","overlay-opacity":"","overlay-gradient":""}},"ast-content-background-meta":{"desktop":{"background-color":"var(--ast-global-color-5)","background-image":"","background-repeat":"repeat","background-position":"center center","background-size":"auto","background-attachment":"scroll","background-type":"","background-media":"","overlay-type":"","overlay-color":"","overlay-opacity":"","overlay-gradient":""},"tablet":{"background-color":"var(--ast-global-color-5)","background-image":"","background-repeat":"repeat","background-position":"center center","background-size":"auto","background-attachment":"scroll","background-type":"","background-media":"","overlay-type":"","overlay-color":"","overlay-opacity":"","overlay-gradient":""},"mobile":{"background-color":"var(--ast-global-color-5)","background-image":"","background-repeat":"repeat","background-position":"center center","background-size":"auto","background-attachment":"scroll","background-type":"","background-media":"","overlay-type":"","overlay-color":"","overlay-opacity":"","overlay-gradient":""}},"ngg_post_thumbnail":0},"product_brand":[],"product_cat":[33,37],"product_tag":[],"class_list":{"0":"post-2364","1":"product","2":"type-product","3":"status-publish","4":"has-post-thumbnail","6":"product_cat-moldes","7":"product_cat-rm-100","8":"wcmi-has-gallery","9":"desktop-align-left","10":"tablet-align-left","11":"mobile-align-left","13":"first","14":"instock","15":"shipping-taxable","16":"product-type-simple"},"yoast_head":"<!-- This site is optimized with the Yoast SEO plugin v27.6 - https:\/\/yoast.com\/product\/yoast-seo-wordpress\/ -->\n<title>Molde Sorrentinos A Granel | Rinaudo e Hijos<\/title>\n<meta name=\"robots\" content=\"index, follow, max-snippet:-1, max-image-preview:large, max-video-preview:-1\" \/>\n<link rel=\"canonical\" href=\"https:\/\/rinaudoehijos.com.ar\/index.php\/product\/molde-sorrentinos-a-granel\/\" \/>\n<meta property=\"og:locale\" content=\"es_ES\" \/>\n<meta property=\"og:type\" content=\"article\" \/>\n<meta property=\"og:title\" content=\"Molde Sorrentinos A Granel | Rinaudo e Hijos\" \/>\n<meta property=\"og:description\" content=\"Producir: Sorrentinos A Granel   Rolos montados sobre bujes de vesconite (sin lubricaci\u00f3n) con engranajes rectos de acero.  Rolo marcador fabricado en aluminio macizo con ba\u00f1o de tefl\u00f3n  Rolo liso fabricado en ca\u00f1o de acero con ba\u00f1o de cromoduro  Di\u00e1metro total por unidad : 60 mm  Producci\u00f3n: 70 unidades por minuto  Producci\u00f3n: de 3000 a 3500 unidades por hora\" \/>\n<meta property=\"og:url\" content=\"https:\/\/rinaudoehijos.com.ar\/index.php\/product\/molde-sorrentinos-a-granel\/\" \/>\n<meta property=\"og:site_name\" content=\"Rinaudo e Hijos\" \/>\n<meta property=\"article:publisher\" content=\"https:\/\/www.facebook.com\/Rinaudo-e-Hijos-SRL-553988857979415\" \/>\n<meta property=\"article:modified_time\" content=\"2024-12-03T21:57:09+00:00\" \/>\n<meta property=\"og:image\" content=\"http:\/\/rinaudoehijos.com.ar\/wp-content\/uploads\/2021\/02\/6-Sorrentinos-a-granel-RM100-1.png\" \/>\n\t<meta property=\"og:image:width\" content=\"2000\" \/>\n\t<meta property=\"og:image:height\" content=\"2000\" \/>\n\t<meta property=\"og:image:type\" content=\"image\/png\" \/>\n<meta name=\"twitter:card\" content=\"summary_large_image\" \/>\n<script type=\"application\/ld+json\" class=\"yoast-schema-graph\">{\"@context\":\"https:\\\/\\\/schema.org\",\"@graph\":[{\"@type\":\"WebPage\",\"@id\":\"https:\\\/\\\/rinaudoehijos.com.ar\\\/index.php\\\/product\\\/molde-sorrentinos-a-granel\\\/\",\"url\":\"https:\\\/\\\/rinaudoehijos.com.ar\\\/index.php\\\/product\\\/molde-sorrentinos-a-granel\\\/\",\"name\":\"Molde Sorrentinos A Granel | Rinaudo e Hijos\",\"isPartOf\":{\"@id\":\"https:\\\/\\\/rinaudoehijos.com.ar\\\/#website\"},\"primaryImageOfPage\":{\"@id\":\"https:\\\/\\\/rinaudoehijos.com.ar\\\/index.php\\\/product\\\/molde-sorrentinos-a-granel\\\/#primaryimage\"},\"image\":{\"@id\":\"https:\\\/\\\/rinaudoehijos.com.ar\\\/index.php\\\/product\\\/molde-sorrentinos-a-granel\\\/#primaryimage\"},\"thumbnailUrl\":\"https:\\\/\\\/rinaudoehijos.com.ar\\\/wp-content\\\/uploads\\\/2021\\\/02\\\/6-Sorrentinos-a-granel-RM100-1.png\",\"datePublished\":\"2021-02-03T20:40:02+00:00\",\"dateModified\":\"2024-12-03T21:57:09+00:00\",\"breadcrumb\":{\"@id\":\"https:\\\/\\\/rinaudoehijos.com.ar\\\/index.php\\\/product\\\/molde-sorrentinos-a-granel\\\/#breadcrumb\"},\"inLanguage\":\"es-AR\",\"potentialAction\":[{\"@type\":\"ReadAction\",\"target\":[\"https:\\\/\\\/rinaudoehijos.com.ar\\\/index.php\\\/product\\\/molde-sorrentinos-a-granel\\\/\"]}]},{\"@type\":\"ImageObject\",\"inLanguage\":\"es-AR\",\"@id\":\"https:\\\/\\\/rinaudoehijos.com.ar\\\/index.php\\\/product\\\/molde-sorrentinos-a-granel\\\/#primaryimage\",\"url\":\"https:\\\/\\\/rinaudoehijos.com.ar\\\/wp-content\\\/uploads\\\/2021\\\/02\\\/6-Sorrentinos-a-granel-RM100-1.png\",\"contentUrl\":\"https:\\\/\\\/rinaudoehijos.com.ar\\\/wp-content\\\/uploads\\\/2021\\\/02\\\/6-Sorrentinos-a-granel-RM100-1.png\",\"width\":2000,\"height\":2000},{\"@type\":\"BreadcrumbList\",\"@id\":\"https:\\\/\\\/rinaudoehijos.com.ar\\\/index.php\\\/product\\\/molde-sorrentinos-a-granel\\\/#breadcrumb\",\"itemListElement\":[{\"@type\":\"ListItem\",\"position\":1,\"name\":\"Inicio\",\"item\":\"https:\\\/\\\/rinaudoehijos.com.ar\\\/\"},{\"@type\":\"ListItem\",\"position\":2,\"name\":\"Productos\",\"item\":\"https:\\\/\\\/rinaudoehijos.com.ar\\\/index.php\\\/maquinarias\\\/\"},{\"@type\":\"ListItem\",\"position\":3,\"name\":\"Molde Sorrentinos A Granel\"}]},{\"@type\":\"WebSite\",\"@id\":\"https:\\\/\\\/rinaudoehijos.com.ar\\\/#website\",\"url\":\"https:\\\/\\\/rinaudoehijos.com.ar\\\/\",\"name\":\"Rinaudo e Hijos\",\"description\":\"\",\"publisher\":{\"@id\":\"https:\\\/\\\/rinaudoehijos.com.ar\\\/#organization\"},\"potentialAction\":[{\"@type\":\"SearchAction\",\"target\":{\"@type\":\"EntryPoint\",\"urlTemplate\":\"https:\\\/\\\/rinaudoehijos.com.ar\\\/?s={search_term_string}\"},\"query-input\":{\"@type\":\"PropertyValueSpecification\",\"valueRequired\":true,\"valueName\":\"search_term_string\"}}],\"inLanguage\":\"es-AR\"},{\"@type\":\"Organization\",\"@id\":\"https:\\\/\\\/rinaudoehijos.com.ar\\\/#organization\",\"name\":\"Rinaudo e Hijos\",\"url\":\"https:\\\/\\\/rinaudoehijos.com.ar\\\/\",\"logo\":{\"@type\":\"ImageObject\",\"inLanguage\":\"es-AR\",\"@id\":\"https:\\\/\\\/rinaudoehijos.com.ar\\\/#\\\/schema\\\/logo\\\/image\\\/\",\"url\":\"https:\\\/\\\/rinaudoehijos.com.ar\\\/wp-content\\\/uploads\\\/2020\\\/12\\\/iso500x500-amarillo.png\",\"contentUrl\":\"https:\\\/\\\/rinaudoehijos.com.ar\\\/wp-content\\\/uploads\\\/2020\\\/12\\\/iso500x500-amarillo.png\",\"width\":500,\"height\":500,\"caption\":\"Rinaudo e Hijos\"},\"image\":{\"@id\":\"https:\\\/\\\/rinaudoehijos.com.ar\\\/#\\\/schema\\\/logo\\\/image\\\/\"},\"sameAs\":[\"https:\\\/\\\/www.facebook.com\\\/Rinaudo-e-Hijos-SRL-553988857979415\",\"https:\\\/\\\/www.instagram.com\\\/rinaudoehijos\\\/\"]}]}<\/script>\n<!-- \/ Yoast SEO plugin. -->","yoast_head_json":{"title":"Molde Sorrentinos A Granel | Rinaudo e Hijos","robots":{"index":"index","follow":"follow","max-snippet":"max-snippet:-1","max-image-preview":"max-image-preview:large","max-video-preview":"max-video-preview:-1"},"canonical":"https:\/\/rinaudoehijos.com.ar\/index.php\/product\/molde-sorrentinos-a-granel\/","og_locale":"es_ES","og_type":"article","og_title":"Molde Sorrentinos A Granel | Rinaudo e Hijos","og_description":"Producir: Sorrentinos A Granel   Rolos montados sobre bujes de vesconite (sin lubricaci\u00f3n) con engranajes rectos de acero.  Rolo marcador fabricado en aluminio macizo con ba\u00f1o de tefl\u00f3n  Rolo liso fabricado en ca\u00f1o de acero con ba\u00f1o de cromoduro  Di\u00e1metro total por unidad : 60 mm  Producci\u00f3n: 70 unidades por minuto  Producci\u00f3n: de 3000 a 3500 unidades por hora","og_url":"https:\/\/rinaudoehijos.com.ar\/index.php\/product\/molde-sorrentinos-a-granel\/","og_site_name":"Rinaudo e Hijos","article_publisher":"https:\/\/www.facebook.com\/Rinaudo-e-Hijos-SRL-553988857979415","article_modified_time":"2024-12-03T21:57:09+00:00","og_image":[{"width":2000,"height":2000,"url":"http:\/\/rinaudoehijos.com.ar\/wp-content\/uploads\/2021\/02\/6-Sorrentinos-a-granel-RM100-1.png","type":"image\/png"}],"twitter_card":"summary_large_image","schema":{"@context":"https:\/\/schema.org","@graph":[{"@type":"WebPage","@id":"https:\/\/rinaudoehijos.com.ar\/index.php\/product\/molde-sorrentinos-a-granel\/","url":"https:\/\/rinaudoehijos.com.ar\/index.php\/product\/molde-sorrentinos-a-granel\/","name":"Molde Sorrentinos A Granel | Rinaudo e Hijos","isPartOf":{"@id":"https:\/\/rinaudoehijos.com.ar\/#website"},"primaryImageOfPage":{"@id":"https:\/\/rinaudoehijos.com.ar\/index.php\/product\/molde-sorrentinos-a-granel\/#primaryimage"},"image":{"@id":"https:\/\/rinaudoehijos.com.ar\/index.php\/product\/molde-sorrentinos-a-granel\/#primaryimage"},"thumbnailUrl":"https:\/\/rinaudoehijos.com.ar\/wp-content\/uploads\/2021\/02\/6-Sorrentinos-a-granel-RM100-1.png","datePublished":"2021-02-03T20:40:02+00:00","dateModified":"2024-12-03T21:57:09+00:00","breadcrumb":{"@id":"https:\/\/rinaudoehijos.com.ar\/index.php\/product\/molde-sorrentinos-a-granel\/#breadcrumb"},"inLanguage":"es-AR","potentialAction":[{"@type":"ReadAction","target":["https:\/\/rinaudoehijos.com.ar\/index.php\/product\/molde-sorrentinos-a-granel\/"]}]},{"@type":"ImageObject","inLanguage":"es-AR","@id":"https:\/\/rinaudoehijos.com.ar\/index.php\/product\/molde-sorrentinos-a-granel\/#primaryimage","url":"https:\/\/rinaudoehijos.com.ar\/wp-content\/uploads\/2021\/02\/6-Sorrentinos-a-granel-RM100-1.png","contentUrl":"https:\/\/rinaudoehijos.com.ar\/wp-content\/uploads\/2021\/02\/6-Sorrentinos-a-granel-RM100-1.png","width":2000,"height":2000},{"@type":"BreadcrumbList","@id":"https:\/\/rinaudoehijos.com.ar\/index.php\/product\/molde-sorrentinos-a-granel\/#breadcrumb","itemListElement":[{"@type":"ListItem","position":1,"name":"Inicio","item":"https:\/\/rinaudoehijos.com.ar\/"},{"@type":"ListItem","position":2,"name":"Productos","item":"https:\/\/rinaudoehijos.com.ar\/index.php\/maquinarias\/"},{"@type":"ListItem","position":3,"name":"Molde Sorrentinos A Granel"}]},{"@type":"WebSite","@id":"https:\/\/rinaudoehijos.com.ar\/#website","url":"https:\/\/rinaudoehijos.com.ar\/","name":"Rinaudo e Hijos","description":"","publisher":{"@id":"https:\/\/rinaudoehijos.com.ar\/#organization"},"potentialAction":[{"@type":"SearchAction","target":{"@type":"EntryPoint","urlTemplate":"https:\/\/rinaudoehijos.com.ar\/?s={search_term_string}"},"query-input":{"@type":"PropertyValueSpecification","valueRequired":true,"valueName":"search_term_string"}}],"inLanguage":"es-AR"},{"@type":"Organization","@id":"https:\/\/rinaudoehijos.com.ar\/#organization","name":"Rinaudo e Hijos","url":"https:\/\/rinaudoehijos.com.ar\/","logo":{"@type":"ImageObject","inLanguage":"es-AR","@id":"https:\/\/rinaudoehijos.com.ar\/#\/schema\/logo\/image\/","url":"https:\/\/rinaudoehijos.com.ar\/wp-content\/uploads\/2020\/12\/iso500x500-amarillo.png","contentUrl":"https:\/\/rinaudoehijos.com.ar\/wp-content\/uploads\/2020\/12\/iso500x500-amarillo.png","width":500,"height":500,"caption":"Rinaudo e Hijos"},"image":{"@id":"https:\/\/rinaudoehijos.com.ar\/#\/schema\/logo\/image\/"},"sameAs":["https:\/\/www.facebook.com\/Rinaudo-e-Hijos-SRL-553988857979415","https:\/\/www.instagram.com\/rinaudoehijos\/"]}]}},"_links":{"self":[{"href":"https:\/\/rinaudoehijos.com.ar\/index.php\/wp-json\/wp\/v2\/product\/2364","targetHints":{"allow":["GET"]}}],"collection":[{"href":"https:\/\/rinaudoehijos.com.ar\/index.php\/wp-json\/wp\/v2\/product"}],"about":[{"href":"https:\/\/rinaudoehijos.com.ar\/index.php\/wp-json\/wp\/v2\/types\/product"}],"wp:featuredmedia":[{"embeddable":true,"href":"https:\/\/rinaudoehijos.com.ar\/index.php\/wp-json\/wp\/v2\/media\/3996"}],"wp:attachment":[{"href":"https:\/\/rinaudoehijos.com.ar\/index.php\/wp-json\/wp\/v2\/media?parent=2364"}],"wp:term":[{"taxonomy":"product_brand","embeddable":true,"href":"https:\/\/rinaudoehijos.com.ar\/index.php\/wp-json\/wp\/v2\/product_brand?post=2364"},{"taxonomy":"product_cat","embeddable":true,"href":"https:\/\/rinaudoehijos.com.ar\/index.php\/wp-json\/wp\/v2\/product_cat?post=2364"},{"taxonomy":"product_tag","embeddable":true,"href":"https:\/\/rinaudoehijos.com.ar\/index.php\/wp-json\/wp\/v2\/product_tag?post=2364"}],"curies":[{"name":"wp","href":"https:\/\/api.w.org\/{rel}","templated":true}]}}